{"id":160423,"date":"2023-12-08T10:55:47","date_gmt":"2023-12-08T09:55:47","guid":{"rendered":"https:\/\/brand24.com\/blog\/?page_id=160423"},"modified":"2023-12-08T12:24:08","modified_gmt":"2023-12-08T11:24:08","slug":"bulletin-dinformation-merci","status":"publish","type":"page","link":"https:\/\/brand24.com\/blog\/fr\/newsletter-thank-you\/","title":{"rendered":"Merci de votre attention !"},"content":{"rendered":"<h1 class=\"wp-block-heading has-text-align-center\">Merci de vous \u00eatre abonn\u00e9 \u00e0 notre lettre d'information !<\/h1>\n\n\n\n<p class=\"has-text-align-center\">Merci de vous \u00eatre abonn\u00e9 \u00e0 notre superbe lettre d'information. Nous vous avons envoy\u00e9 un message pour confirmer votre adresse e-mail, veuillez v\u00e9rifier votre bo\u00eete de r\u00e9ception.<\/p>\n\n\n\n<p class=\"has-text-align-center\">Vous avez fait un bon choix !<\/p>","protected":false},"excerpt":{"rendered":"<p>Merci de vous \u00eatre abonn\u00e9 \u00e0 notre lettre d'information ! Merci de vous \u00eatre abonn\u00e9 \u00e0 notre superbe lettre d'information. Nous vous avons envoy\u00e9 un message pour confirmer votre adresse e-mail, veuillez v\u00e9rifier votre bo\u00eete de r\u00e9ception. Vous avez fait un bon choix !<\/p>","protected":false},"author":81,"featured_media":0,"parent":0,"menu_order":0,"comment_status":"closed","ping_status":"closed","template":"","meta":{"_acf_changed":false,"footnotes":"","_links_to":"","_links_to_target":""},"class_list":["post-160423","page","type-page","status-publish","hentry"],"acf":[],"aioseo_notices":[],"cf_author_first_name":"Cut2Code","cf_author_last_name":"Team","_links":{"self":[{"href":"https:\/\/brand24.com\/blog\/fr\/wp-json\/wp\/v2\/pages\/160423","targetHints":{"allow":["GET"]}}],"collection":[{"href":"https:\/\/brand24.com\/blog\/fr\/wp-json\/wp\/v2\/pages"}],"about":[{"href":"https:\/\/brand24.com\/blog\/fr\/wp-json\/wp\/v2\/types\/page"}],"author":[{"embeddable":true,"href":"https:\/\/brand24.com\/blog\/fr\/wp-json\/wp\/v2\/users\/81"}],"replies":[{"embeddable":true,"href":"https:\/\/brand24.com\/blog\/fr\/wp-json\/wp\/v2\/comments?post=160423"}],"version-history":[{"count":9,"href":"https:\/\/brand24.com\/blog\/fr\/wp-json\/wp\/v2\/pages\/160423\/revisions"}],"predecessor-version":[{"id":160432,"href":"https:\/\/brand24.com\/blog\/fr\/wp-json\/wp\/v2\/pages\/160423\/revisions\/160432"}],"wp:attachment":[{"href":"https:\/\/brand24.com\/blog\/fr\/wp-json\/wp\/v2\/media?parent=160423"}],"curies":[{"name":"wp","href":"https:\/\/api.w.org\/{rel}","templated":true}]}}