{"id":160423,"date":"2023-12-08T10:55:47","date_gmt":"2023-12-08T09:55:47","guid":{"rendered":"https:\/\/brand24.com\/blog\/?page_id=160423"},"modified":"2023-12-08T12:24:08","modified_gmt":"2023-12-08T11:24:08","slug":"agradecimento-pelo-boletim-informativo","status":"publish","type":"page","link":"https:\/\/brand24.com\/blog\/pt\/newsletter-thank-you\/","title":{"rendered":"Obrigado!"},"content":{"rendered":"<h1 class=\"wp-block-heading has-text-align-center\">Obrigado por assinar nosso boletim informativo!<\/h1>\n\n\n\n<p class=\"has-text-align-center\">Obrigado por se inscrever em nosso incr\u00edvel boletim informativo. Enviamos uma mensagem para confirmar seu endere\u00e7o de e-mail. Verifique sua caixa de entrada.<\/p>\n\n\n\n<p class=\"has-text-align-center\">Voc\u00ea fez uma boa escolha!<\/p>","protected":false},"excerpt":{"rendered":"<p>Obrigado por assinar nosso boletim informativo! Obrigado por se inscrever em nosso incr\u00edvel boletim informativo. Enviamos uma mensagem para confirmar seu endere\u00e7o de e-mail. Verifique sua caixa de entrada. Voc\u00ea fez uma boa escolha!<\/p>","protected":false},"author":81,"featured_media":0,"parent":0,"menu_order":0,"comment_status":"closed","ping_status":"closed","template":"","meta":{"_acf_changed":false,"footnotes":"","_links_to":"","_links_to_target":""},"class_list":["post-160423","page","type-page","status-publish","hentry"],"acf":[],"aioseo_notices":[],"cf_author_first_name":"Cut2Code","cf_author_last_name":"Team","_links":{"self":[{"href":"https:\/\/brand24.com\/blog\/pt\/wp-json\/wp\/v2\/pages\/160423","targetHints":{"allow":["GET"]}}],"collection":[{"href":"https:\/\/brand24.com\/blog\/pt\/wp-json\/wp\/v2\/pages"}],"about":[{"href":"https:\/\/brand24.com\/blog\/pt\/wp-json\/wp\/v2\/types\/page"}],"author":[{"embeddable":true,"href":"https:\/\/brand24.com\/blog\/pt\/wp-json\/wp\/v2\/users\/81"}],"replies":[{"embeddable":true,"href":"https:\/\/brand24.com\/blog\/pt\/wp-json\/wp\/v2\/comments?post=160423"}],"version-history":[{"count":9,"href":"https:\/\/brand24.com\/blog\/pt\/wp-json\/wp\/v2\/pages\/160423\/revisions"}],"predecessor-version":[{"id":160432,"href":"https:\/\/brand24.com\/blog\/pt\/wp-json\/wp\/v2\/pages\/160423\/revisions\/160432"}],"wp:attachment":[{"href":"https:\/\/brand24.com\/blog\/pt\/wp-json\/wp\/v2\/media?parent=160423"}],"curies":[{"name":"wp","href":"https:\/\/api.w.org\/{rel}","templated":true}]}}