{"id":28435,"date":"2018-09-05T14:18:16","date_gmt":"2018-09-05T14:18:16","guid":{"rendered":"https:\/\/brand24.com\/?page_id=28435\/"},"modified":"2020-09-15T13:13:27","modified_gmt":"2020-09-15T13:13:27","slug":"datos-personales-de-internet","status":"publish","type":"page","link":"https:\/\/brand24.com\/es\/personal-data-from-internet\/","title":{"rendered":"Datos personales de Internet"},"content":{"rendered":"<div style=\"max-width: 600px; margin: 0 auto;\">\n<h1 style=\"text-align: center;\">Datos personales que recopilamos en Internet<\/h1>\n<p>Brand24 Global Inc., una sociedad constituida en Delaware, es el \"Responsable del tratamiento\" de los datos personales y Brand24 y otras sociedades afiliadas son \"Encargados del tratamiento\" y Brand24 S.A. es el representante designado de Brand24 en la Uni\u00f3n Europea.<\/p>\n<p><strong>Sus datos personales se tratar\u00e1n para <\/strong>presentaci\u00f3n al cliente para el que Brand24 Global Inc. realiza el seguimiento de las palabras clave especificadas por nuestros clientes, publicadas en Internet<\/p>\n<p><strong>Tratamos los siguientes datos personales:<\/strong> nombre, apellidos o apodo en una red social o foro en l\u00ednea en el que haya utilizado palabras clave definidas por el cliente con el que trabajamos.<\/p>\n<p><strong>Base jur\u00eddica para el tratamiento de sus datos<\/strong> es el art\u00edculo 6 (1) (f) del GDPR. El inter\u00e9s leg\u00edtimo de Brand24 Global Inc. es proporcionar a nuestros clientes informaci\u00f3n sobre los comentarios y publicaciones publicados por los usuarios de Internet con las palabras clave especificadas por nuestros clientes.<\/p>\n<p><strong>Sus datos personales podr\u00e1n compartirse con las siguientes partes<\/strong>:<br \/>\n1. Clientes para los que Brand24 Global Inc. realiza el seguimiento de palabras clave espec\u00edficas, publicadas en Internet<br \/>\n2. Proveedores de alojamiento y software<\/p>\n<p><strong>Los datos personales ser\u00e1n tratados mientras dure la prestaci\u00f3n de servicios por parte de Brand24 <\/strong><strong>Global Inc.<\/strong> para los clientes para los que Brand24 Global Inc. realiza el seguimiento de determinadas palabras clave, publicadas en Internet o hasta que usted se oponga a que sus datos personales se utilicen para tales fines.<\/p>\n<p><strong>D\u00f3nde y c\u00f3mo obtenemos sus datos personales<\/strong>. Proceden de foros en l\u00ednea y redes sociales de acceso p\u00fablico en los que se ha publicado informaci\u00f3n que contiene palabras clave especificadas por nuestros clientes.<\/p>\n<p><strong>Tiene derecho a oponerse al tratamiento de cualquier dato personal<\/strong> por motivos relacionados con su situaci\u00f3n particular.<\/p>\n<\/div>","protected":false},"excerpt":{"rendered":"<p>Personal data, we collect on the Internet Brand24 Global Inc., a Delaware corporation is the \u201cController\u201d of personal data and Brand24 and other corporate affiliates are \u201cProcessors\u201d and Brand24 S.A. is Brand24\u2019s designated represented in the European Union. Your personal data will be processed for presentation to the client for whom Brand24 Global Inc. conducts [&hellip;]<\/p>\n","protected":false},"author":106,"featured_media":0,"parent":0,"menu_order":0,"comment_status":"closed","ping_status":"closed","template":"page-simple.php","meta":{"_acf_changed":false,"footnotes":""},"class_list":["post-28435","page","type-page","status-publish","hentry"],"acf":[],"aioseo_notices":[],"cf_author_first_name":"Miko\u0142aj","cf_author_last_name":"Winkiel","_links":{"self":[{"href":"https:\/\/brand24.com\/es\/wp-json\/wp\/v2\/pages\/28435","targetHints":{"allow":["GET"]}}],"collection":[{"href":"https:\/\/brand24.com\/es\/wp-json\/wp\/v2\/pages"}],"about":[{"href":"https:\/\/brand24.com\/es\/wp-json\/wp\/v2\/types\/page"}],"author":[{"embeddable":true,"href":"https:\/\/brand24.com\/es\/wp-json\/wp\/v2\/users\/106"}],"replies":[{"embeddable":true,"href":"https:\/\/brand24.com\/es\/wp-json\/wp\/v2\/comments?post=28435"}],"version-history":[{"count":12,"href":"https:\/\/brand24.com\/es\/wp-json\/wp\/v2\/pages\/28435\/revisions"}],"predecessor-version":[{"id":45698,"href":"https:\/\/brand24.com\/es\/wp-json\/wp\/v2\/pages\/28435\/revisions\/45698"}],"wp:attachment":[{"href":"https:\/\/brand24.com\/es\/wp-json\/wp\/v2\/media?parent=28435"}],"curies":[{"name":"wp","href":"https:\/\/api.w.org\/{rel}","templated":true}]}}