{"id":46013,"date":"2020-11-17T14:02:48","date_gmt":"2020-11-17T14:02:48","guid":{"rendered":"https:\/\/brand24.com\/?page_id=46013"},"modified":"2025-11-24T08:21:06","modified_gmt":"2025-11-24T08:21:06","slug":"condiciones-de-la-promocion-black-friday-2025","status":"publish","type":"page","link":"https:\/\/brand24.com\/es\/terms-and-conditions-of-the-black-friday-2025-promo\/","title":{"rendered":"Condiciones de la promoci\u00f3n \u201cBlack Friday 2025"},"content":{"rendered":"<div data-elementor-type=\"wp-page\" data-elementor-id=\"46013\" class=\"elementor elementor-46013\" data-elementor-post-type=\"page\">\n\t\t\t\t\t\t<section class=\"elementor-section elementor-top-section elementor-element elementor-element-4f35b158 elementor-section-boxed elementor-section-height-default elementor-section-height-default\" data-id=\"4f35b158\" data-element_type=\"section\" data-e-type=\"section\">\n\t\t\t\t\t\t<div class=\"elementor-container elementor-column-gap-default\">\n\t\t\t\t\t<div class=\"elementor-column elementor-col-100 elementor-top-column elementor-element elementor-element-6b685ca3\" data-id=\"6b685ca3\" data-element_type=\"column\" data-e-type=\"column\">\n\t\t\t<div class=\"elementor-widget-wrap elementor-element-populated\">\n\t\t\t\t\t\t<div class=\"elementor-element elementor-element-b76ba4a elementor-widget elementor-widget-heading\" data-id=\"b76ba4a\" data-element_type=\"widget\" data-e-type=\"widget\" data-widget_type=\"heading.default\">\n\t\t\t\t<div class=\"elementor-widget-container\">\n\t\t\t\t\t<h2 class=\"elementor-heading-title elementor-size-default\">Condiciones de la promoci\u00f3n Black Week 2025<\/h2>\t\t\t\t<\/div>\n\t\t\t\t<\/div>\n\t\t\t\t<div class=\"elementor-element elementor-element-4bc24bf7 elementor-widget elementor-widget-text-editor\" data-id=\"4bc24bf7\" data-element_type=\"widget\" data-e-type=\"widget\" data-widget_type=\"text-editor.default\">\n\t\t\t\t<div class=\"elementor-widget-container\">\n\t\t\t\t\t\t\t\t\t<p><strong>1.<\/strong> El presente documento (\u201cCondiciones\u201d) define las normas de una campa\u00f1a promocional denominada \u201cSemana Negra\u201d (\u201cPromoci\u00f3n\u201d).<\/p>\n<p><!-- \/wp:paragraph --><\/p>\n<p><!-- wp:paragraph --><\/p>\n<p><strong>2.<\/strong> El Organizador de la Promoci\u00f3n es Brand24 Global Inc. con sede en 121 Executive Circle, Daytona Beach, FL 32114 EE.UU. (\u201cOrganizador\u201d).<\/p>\n<p><!-- \/wp:paragraph --><\/p>\n<p><!-- wp:paragraph --><\/p>\n<p><strong>3.\u00a0<\/strong>La promoci\u00f3n le permite recibir un descuento 50% durante los 3 primeros meses en cualquier plan de suscripci\u00f3n con pago mensual (<a href=\"https:\/\/brand24.com\/es\/precios\/\" target=\"_blank\" rel=\"noreferrer noopener\">https:\/\/brand24.com\/prices\/<\/a>).<\/p>\n<p><!-- \/wp:paragraph --><\/p>\n<p><!-- wp:paragraph --><\/p>\n<p><strong>4.\u00a0<\/strong>La promoci\u00f3n es v\u00e1lida desde las 00:00 horas del 24 de noviembre de 2025 hasta las 23:59 horas del 1 de noviembre de 2025. El organizador se reserva el derecho de ampliar la promoci\u00f3n.<\/p>\n<p><!-- \/wp:paragraph --><\/p>\n<p><!-- wp:paragraph --><\/p>\n<p><strong>5.\u00a0<\/strong>La condici\u00f3n para utilizar la promoci\u00f3n es la compra (pago) de cualquier plan de suscripci\u00f3n despu\u00e9s de introducir (utilizar) el c\u00f3digo de reembolso.<\/p>\n<p><!-- \/wp:paragraph --><\/p>\n<p><!-- wp:paragraph --><\/p>\n<p><!-- \/wp:paragraph --><\/p>\n<p><!-- wp:paragraph --><\/p>\n<p><strong>6. <\/strong>El descuento 50% se aplica autom\u00e1ticamente y s\u00f3lo es v\u00e1lido durante los 3 primeros meses. Transcurrido este tiempo, el precio de suscripci\u00f3n vuelve a ser el 100% del precio, seg\u00fan la lista de precios (<a href=\"https:\/\/brand24.com\/es\/precios\/\" target=\"_blank\" rel=\"noreferrer noopener\">https:\/\/brand24.com\/prices\/<\/a>)<\/p>\n<p><!-- \/wp:paragraph --><\/p>\n<p><!-- wp:paragraph --><\/p>\n<p><strong>7. <\/strong>La promoci\u00f3n no puede combinarse, a\u00f1adirse o unirse a otras ofertas promocionales organizadas por el Organizador.<\/p>\n<p><!-- \/wp:paragraph --><\/p>\n<p><!-- wp:paragraph --><\/p>\n<p><strong>8.<\/strong> Las \u00f3rdenes de compra conformes con la Promoci\u00f3n se realizar\u00e1n de acuerdo con el c\u00f3digo general de reglamentos, disponible en <a href=\"https:\/\/brand24.com\/es\/terminos\/\" target=\"_blank\" rel=\"noreferrer noopener\">https:\/\/brand24.com\/terms\/<\/a><\/p>\n<p><!-- \/wp:paragraph --><\/p>\t\t\t\t\t\t\t\t<\/div>\n\t\t\t\t<\/div>\n\t\t\t\t\t<\/div>\n\t\t<\/div>\n\t\t\t\t\t<\/div>\n\t\t<\/section>\n\t\t\t\t<\/div>","protected":false},"excerpt":{"rendered":"<p>Terms and Conditions of the Black Week 2025 promo 1. This document (&#8220;Terms and Conditions&#8221;) defines the rules of a promotional campaign called &#8220;Black Week&#8221; (&#8220;Promotion&#8221;). 2. The Organizer of the Promotion is Brand24 Global Inc. with its seat in 121 Executive Circle, Daytona Beach, FL 32114 USA (&#8220;Organizer&#8221;) 3.\u00a0The promotion allows you to\u00a0 receive [&hellip;]<\/p>\n","protected":false},"author":106,"featured_media":0,"parent":0,"menu_order":0,"comment_status":"closed","ping_status":"closed","template":"page-regulamin.php","meta":{"_acf_changed":false,"footnotes":""},"class_list":["post-46013","page","type-page","status-publish","hentry"],"acf":[],"aioseo_notices":[],"cf_author_first_name":"Miko\u0142aj","cf_author_last_name":"Winkiel","_links":{"self":[{"href":"https:\/\/brand24.com\/es\/wp-json\/wp\/v2\/pages\/46013","targetHints":{"allow":["GET"]}}],"collection":[{"href":"https:\/\/brand24.com\/es\/wp-json\/wp\/v2\/pages"}],"about":[{"href":"https:\/\/brand24.com\/es\/wp-json\/wp\/v2\/types\/page"}],"author":[{"embeddable":true,"href":"https:\/\/brand24.com\/es\/wp-json\/wp\/v2\/users\/106"}],"replies":[{"embeddable":true,"href":"https:\/\/brand24.com\/es\/wp-json\/wp\/v2\/comments?post=46013"}],"version-history":[{"count":33,"href":"https:\/\/brand24.com\/es\/wp-json\/wp\/v2\/pages\/46013\/revisions"}],"predecessor-version":[{"id":63143,"href":"https:\/\/brand24.com\/es\/wp-json\/wp\/v2\/pages\/46013\/revisions\/63143"}],"wp:attachment":[{"href":"https:\/\/brand24.com\/es\/wp-json\/wp\/v2\/media?parent=46013"}],"curies":[{"name":"wp","href":"https:\/\/api.w.org\/{rel}","templated":true}]}}