{"id":21676,"date":"2017-11-08T08:58:22","date_gmt":"2017-11-08T08:58:22","guid":{"rendered":"https:\/\/brand24.com\/?page_id=21676\/"},"modified":"2018-01-09T14:56:54","modified_gmt":"2018-01-09T14:56:54","slug":"voici-ce-que-les-gens-disent-de-votre-entreprise-en-ligne","status":"publish","type":"page","link":"https:\/\/brand24.com\/fr\/heres-what-people-say-about-your-business-online\/","title":{"rendered":"Voici ce que les gens disent de votre entreprise en ligne"},"content":{"rendered":"<div data-elementor-type=\"wp-post\" data-elementor-id=\"21676\" class=\"elementor elementor-21676 elementor-bc-flex-widget\" data-elementor-post-type=\"page\">\n\t\t\t\t\t\t<div class=\"elementor-section elementor-top-section elementor-element elementor-element-fp9ozs0 elementor-section-full_width elementor-section-height-default elementor-section-height-default\" data-id=\"fp9ozs0\" data-element_type=\"section\" data-e-type=\"section\">\n\t\t\t\t\t\t<div class=\"elementor-container elementor-column-gap-no\">\n\t\t\t\t\t<div class=\"elementor-column elementor-col-100 elementor-top-column elementor-element elementor-element-uodme1j\" data-id=\"uodme1j\" data-element_type=\"column\" data-e-type=\"column\">\n\t\t\t<div class=\"elementor-widget-wrap elementor-element-populated\">\n\t\t\t\t\t\t<div class=\"elementor-element elementor-element-t29r726 elementor-widget elementor-widget-b24-cta\" data-id=\"t29r726\" data-element_type=\"widget\" data-e-type=\"widget\" data-widget_type=\"b24-cta.default\">\n\t\t\t\t<div class=\"elementor-widget-container\">\n\t\t\t\t\t\t\t\t<section class=\"b24-small-trial\">\n\t\t\t<div class=\"container\">\n\t\t\t\t<div class=\"row text-xs-center text-lg-left\">\n\t\t\t\t\t<div class=\"col-lg-8\">\n\t\t\t\t\t\t<h4>Obtenez un acc\u00e8s complet \u00e0 vos mention, augmentez la satisfaction de vos clients et vos ventes.<\/h4>\n\t\t\t\t\t<\/div>\n\t\t\t\t\t<div class=\"col-lg-4\">\n\t\t\t\t\t\t<a href=\"https:\/\/app.brand24.com\/user\/register-account\/\"\n\t\t\t\t\t\t   class=\"b24-btn b24-btn-black pull-right\"\n\t\t\t\t\t\t   role=\"button\">METTRE \u00c0 JOUR VOTRE COMPTE<\/a>\n\t\t\t\t\t<\/div>\n\t\t\t\t<\/div>\n\t\t\t<\/div>\n\t\t<\/section>\n\t\t\n\t\t\t\t\t<\/div>\n\t\t\t\t<\/div>\n\t\t\t\t<div class=\"elementor-element elementor-element-1wg6deu elementor-widget elementor-widget-b24-awards-section\" data-id=\"1wg6deu\" data-element_type=\"widget\" data-e-type=\"widget\" data-widget_type=\"b24-awards-section.default\">\n\t\t\t\t<div class=\"elementor-widget-container\">\n\t\t\t\t\t\t<section class=\"b24-awwards-horizontal\">\n\t\t<div class=\"container\">\n\t\t\t<div class=\"b24-award-logos text-xs-center\">\n\t\t\t\t<div class=\"row\">\n\t\t\t\t\t\t\t\t\t\t\t<div class=\"col-sm-6 col-lg-3\">\n\t\t\t\t\t\t\t<div class=\"b24-award-logo-item\">\n\t\t\t\t\t\t\t\t<img decoding=\"async\" class=\"b24-award-logo\"\n\t\t\t\t\t\t\t\t     src=\"https:\/\/brand24.com\/app\/uploads\/best_startup_2012_2.png\"\n\t\t\t\t\t\t\t\t     alt=\"Meilleure startup\">\n\t\t\t\t\t\t\t\t<span class=\"b24-award-title\">Meilleure startup<\/span>\n\t\t\t\t\t\t\t\t<span class=\"b24-award-text\">Aulery r\u00e9compense le laur\u00e9at du concours<\/span>\n\t\t\t\t\t\t\t<\/div>\n\t\t\t\t\t\t<\/div>\n\t\t\t\t\t\t\t\t\t\t\t<div class=\"col-sm-6 col-lg-3\">\n\t\t\t\t\t\t\t<div class=\"b24-award-logo-item\">\n\t\t\t\t\t\t\t\t<img decoding=\"async\" class=\"b24-award-logo\"\n\t\t\t\t\t\t\t\t     src=\"https:\/\/brand24.com\/app\/uploads\/best_service_2014_2.png\"\n\t\t\t\t\t\t\t\t     alt=\"Meilleur service\">\n\t\t\t\t\t\t\t\t<span class=\"b24-award-title\">Meilleur service<\/span>\n\t\t\t\t\t\t\t\t<span class=\"b24-award-text\">Relations avec les clients Prix Ekomersy<\/span>\n\t\t\t\t\t\t\t<\/div>\n\t\t\t\t\t\t<\/div>\n\t\t\t\t\t\t\t\t\t\t\t<div class=\"col-sm-6 col-lg-3\">\n\t\t\t\t\t\t\t<div class=\"b24-award-logo-item\">\n\t\t\t\t\t\t\t\t<img decoding=\"async\" class=\"b24-award-logo\"\n\t\t\t\t\t\t\t\t     src=\"https:\/\/brand24.com\/app\/uploads\/best_web_app_2013_2.png\"\n\t\t\t\t\t\t\t\t     alt=\"Meilleure application web\">\n\t\t\t\t\t\t\t\t<span class=\"b24-award-title\">Meilleure application web<\/span>\n\t\t\t\t\t\t\t\t<span class=\"b24-award-text\">Concours The Next Web Startup Awards<\/span>\n\t\t\t\t\t\t\t<\/div>\n\t\t\t\t\t\t<\/div>\n\t\t\t\t\t\t\t\t\t\t\t<div class=\"col-sm-6 col-lg-3\">\n\t\t\t\t\t\t\t<div class=\"b24-award-logo-item\">\n\t\t\t\t\t\t\t\t<img decoding=\"async\" class=\"b24-award-logo\"\n\t\t\t\t\t\t\t\t     src=\"https:\/\/brand24.com\/app\/uploads\/best_mobile_app_2014_2.png\"\n\t\t\t\t\t\t\t\t     alt=\"Meilleure application mobile\">\n\t\t\t\t\t\t\t\t<span class=\"b24-award-title\">Meilleure application mobile<\/span>\n\t\t\t\t\t\t\t\t<span class=\"b24-award-text\">Meilleure application mobile pour les entreprises Mobile Trends Awards<\/span>\n\t\t\t\t\t\t\t<\/div>\n\t\t\t\t\t\t<\/div>\n\t\t\t\t\t\t\t\t\t<\/div>\n\t\t\t<\/div>\n\t\t<\/div>\n\t<\/section>\n\t\t\t\t<\/div>\n\t\t\t\t<\/div>\n\t\t\t\t\t<\/div>\n\t\t<\/div>\n\t\t\t\t\t<\/div>\n\t\t<\/div>\n\t\t\t\t<\/div>","protected":false},"excerpt":{"rendered":"<p>&nbsp; Obtenez un acc\u00e8s complet \u00e0 vos mention, augmentez la satisfaction de vos clients et vos ventes. METTRE \u00c0 NIVEAU VOTRE COMPTE<\/p>","protected":false},"author":24,"featured_media":0,"parent":0,"menu_order":0,"comment_status":"closed","ping_status":"closed","template":"page-bluerank-lp.php","meta":{"_acf_changed":false,"footnotes":""},"class_list":["post-21676","page","type-page","status-publish","hentry"],"acf":[],"aioseo_notices":[],"cf_author_first_name":"Brand24","cf_author_last_name":"Team","_links":{"self":[{"href":"https:\/\/brand24.com\/fr\/wp-json\/wp\/v2\/pages\/21676","targetHints":{"allow":["GET"]}}],"collection":[{"href":"https:\/\/brand24.com\/fr\/wp-json\/wp\/v2\/pages"}],"about":[{"href":"https:\/\/brand24.com\/fr\/wp-json\/wp\/v2\/types\/page"}],"author":[{"embeddable":true,"href":"https:\/\/brand24.com\/fr\/wp-json\/wp\/v2\/users\/24"}],"replies":[{"embeddable":true,"href":"https:\/\/brand24.com\/fr\/wp-json\/wp\/v2\/comments?post=21676"}],"version-history":[{"count":4,"href":"https:\/\/brand24.com\/fr\/wp-json\/wp\/v2\/pages\/21676\/revisions"}],"predecessor-version":[{"id":22624,"href":"https:\/\/brand24.com\/fr\/wp-json\/wp\/v2\/pages\/21676\/revisions\/22624"}],"wp:attachment":[{"href":"https:\/\/brand24.com\/fr\/wp-json\/wp\/v2\/media?parent=21676"}],"curies":[{"name":"wp","href":"https:\/\/api.w.org\/{rel}","templated":true}]}}