{"id":28435,"date":"2018-09-05T14:18:16","date_gmt":"2018-09-05T14:18:16","guid":{"rendered":"https:\/\/brand24.com\/?page_id=28435\/"},"modified":"2020-09-15T13:13:27","modified_gmt":"2020-09-15T13:13:27","slug":"donnees-personnelles-sur-linternet","status":"publish","type":"page","link":"https:\/\/brand24.com\/fr\/personal-data-from-internet\/","title":{"rendered":"Donn\u00e9es personnelles sur Internet"},"content":{"rendered":"<div style=\"max-width: 600px; margin: 0 auto;\">\n<h1 style=\"text-align: center;\">Donn\u00e9es personnelles collect\u00e9es sur Internet<\/h1>\n<p>Brand24 Global Inc, une soci\u00e9t\u00e9 du Delaware, est le \"contr\u00f4leur\" des donn\u00e9es personnelles, Brand24 et d'autres soci\u00e9t\u00e9s affili\u00e9es sont des \"sous-traitants\" et Brand24 S.A. est le repr\u00e9sentant d\u00e9sign\u00e9 de Brand24 dans l'Union europ\u00e9enne.<\/p>\n<p><strong>Vos donn\u00e9es personnelles seront trait\u00e9es pour <\/strong>pr\u00e9sentation au client pour lequel Brand24 Global Inc. effectue la surveillance des mots-cl\u00e9s sp\u00e9cifi\u00e9s par nos clients, affich\u00e9s sur Internet<\/p>\n<p><strong>Nous traitons les donn\u00e9es personnelles suivantes :<\/strong> nom, pr\u00e9nom ou surnom sur un r\u00e9seau social ou un forum en ligne o\u00f9 vous avez utilis\u00e9 des mots-cl\u00e9s d\u00e9finis par le client avec lequel nous travaillons.<\/p>\n<p><strong>La base juridique du traitement de vos donn\u00e9es<\/strong> est l'article 6, paragraphe 1, point f), du GDPR. L'int\u00e9r\u00eat l\u00e9gitime de Brand24 Global Inc. est de fournir \u00e0 nos clients des informations sur les commentaires et les messages post\u00e9s par les internautes avec des mots-cl\u00e9s sp\u00e9cifi\u00e9s par nos clients.<\/p>\n<p><strong>Vos donn\u00e9es personnelles peuvent \u00eatre partag\u00e9es avec les parties suivantes<\/strong>:<br \/>\n1. Clients pour lesquels Brand24 Global Inc. effectue la surveillance de mots cl\u00e9s sp\u00e9cifiques, affich\u00e9s sur l'Internet<br \/>\n2. Fournisseurs d'h\u00e9bergement et de logiciels<\/p>\n<p><strong>Les donn\u00e9es \u00e0 caract\u00e8re personnel seront trait\u00e9es pendant la dur\u00e9e de la prestation de services par Brand24. <\/strong><strong>Global Inc.<\/strong> pour les clients pour lesquels Brand24 Global Inc. effectue la surveillance de mots-cl\u00e9s sp\u00e9cifiques, affich\u00e9s sur Internet ou jusqu'\u00e0 ce que vous vous opposiez \u00e0 ce que vos donn\u00e9es personnelles soient utilis\u00e9es \u00e0 de telles fins.<\/p>\n<p><strong>O\u00f9 et comment nous obtenons vos donn\u00e9es personnelles<\/strong>. Ils proviennent de forums en ligne et de r\u00e9seaux sociaux accessibles au public o\u00f9 vous avez publi\u00e9 des informations contenant des mots-cl\u00e9s sp\u00e9cifi\u00e9s par nos clients.<\/p>\n<p><strong>Vous avez le droit de vous opposer au traitement de toute donn\u00e9e \u00e0 caract\u00e8re personnel<\/strong> pour des raisons li\u00e9es \u00e0 votre situation particuli\u00e8re.<\/p>\n<\/div>","protected":false},"excerpt":{"rendered":"<p>Personal data, we collect on the Internet Brand24 Global Inc., a Delaware corporation is the \u201cController\u201d of personal data and Brand24 and other corporate affiliates are \u201cProcessors\u201d and Brand24 S.A. is Brand24\u2019s designated represented in the European Union. Your personal data will be processed for presentation to the client for whom Brand24 Global Inc. conducts [&hellip;]<\/p>\n","protected":false},"author":106,"featured_media":0,"parent":0,"menu_order":0,"comment_status":"closed","ping_status":"closed","template":"page-simple.php","meta":{"_acf_changed":false,"footnotes":""},"class_list":["post-28435","page","type-page","status-publish","hentry"],"acf":[],"aioseo_notices":[],"cf_author_first_name":"Miko\u0142aj","cf_author_last_name":"Winkiel","_links":{"self":[{"href":"https:\/\/brand24.com\/fr\/wp-json\/wp\/v2\/pages\/28435","targetHints":{"allow":["GET"]}}],"collection":[{"href":"https:\/\/brand24.com\/fr\/wp-json\/wp\/v2\/pages"}],"about":[{"href":"https:\/\/brand24.com\/fr\/wp-json\/wp\/v2\/types\/page"}],"author":[{"embeddable":true,"href":"https:\/\/brand24.com\/fr\/wp-json\/wp\/v2\/users\/106"}],"replies":[{"embeddable":true,"href":"https:\/\/brand24.com\/fr\/wp-json\/wp\/v2\/comments?post=28435"}],"version-history":[{"count":12,"href":"https:\/\/brand24.com\/fr\/wp-json\/wp\/v2\/pages\/28435\/revisions"}],"predecessor-version":[{"id":45698,"href":"https:\/\/brand24.com\/fr\/wp-json\/wp\/v2\/pages\/28435\/revisions\/45698"}],"wp:attachment":[{"href":"https:\/\/brand24.com\/fr\/wp-json\/wp\/v2\/media?parent=28435"}],"curies":[{"name":"wp","href":"https:\/\/api.w.org\/{rel}","templated":true}]}}