{"id":42748,"date":"2019-11-07T12:06:31","date_gmt":"2019-11-07T12:06:31","guid":{"rendered":"https:\/\/brand24.com\/?page_id=42748"},"modified":"2022-04-12T09:34:39","modified_gmt":"2022-04-12T09:34:39","slug":"guide-intelligent-du-marketing-en-ligne-dans-lindustrie-hoteliere-2","status":"publish","type":"page","link":"https:\/\/brand24.com\/fr\/smart-guide-to-online-marketing-in-hotel-industry-2\/","title":{"rendered":"Guide pratique du marketing en ligne dans l'industrie h\u00f4teli\u00e8re"},"content":{"rendered":"<div data-elementor-type=\"wp-page\" data-elementor-id=\"42748\" class=\"elementor elementor-42748\" data-elementor-post-type=\"page\">\n\t\t\t\t\t\t<section class=\"elementor-section elementor-top-section elementor-element elementor-element-f0fcdd8 elementor-section-boxed elementor-section-height-default elementor-section-height-default\" data-id=\"f0fcdd8\" data-element_type=\"section\" data-e-type=\"section\" data-settings=\"{&quot;background_background&quot;:&quot;classic&quot;}\">\n\t\t\t\t\t\t<div class=\"elementor-container elementor-column-gap-default\">\n\t\t\t\t\t<div class=\"elementor-column elementor-col-50 elementor-top-column elementor-element elementor-element-d595b8e\" data-id=\"d595b8e\" data-element_type=\"column\" data-e-type=\"column\">\n\t\t\t<div class=\"elementor-widget-wrap elementor-element-populated\">\n\t\t\t\t\t\t<div class=\"elementor-element elementor-element-10ff496 elementor-invisible elementor-widget elementor-widget-image\" data-id=\"10ff496\" data-element_type=\"widget\" data-e-type=\"widget\" data-settings=\"{&quot;_animation&quot;:&quot;fadeIn&quot;}\" data-widget_type=\"image.default\">\n\t\t\t\t<div class=\"elementor-widget-container\">\n\t\t\t\t\t\t\t\t\t\t\t\t\t\t\t\t<a href=\"https:\/\/brand24.com\/fr\/\" target=\"_blank\">\n\t\t\t\t\t\t\t<img decoding=\"async\" src=\"https:\/\/brand24.com\/app\/uploads\/elementor\/thumbs\/logo-qphtfuz5p8xidfft120mxmandedg5fhluwuqh59ots.png\" title=\"logo\" alt=\"logo\" loading=\"lazy\" \/>\t\t\t\t\t\t\t\t<\/a>\n\t\t\t\t\t\t\t\t\t\t\t\t\t\t\t<\/div>\n\t\t\t\t<\/div>\n\t\t\t\t<div class=\"elementor-element elementor-element-c9e5e71 elementor-invisible elementor-widget elementor-widget-heading\" data-id=\"c9e5e71\" data-element_type=\"widget\" data-e-type=\"widget\" data-settings=\"{&quot;_animation&quot;:&quot;fadeIn&quot;,&quot;_animation_delay&quot;:200}\" data-widget_type=\"heading.default\">\n\t\t\t\t<div class=\"elementor-widget-container\">\n\t\t\t\t\t<h1 class=\"elementor-heading-title elementor-size-default\">Guide pratique du marketing en ligne dans l'industrie h\u00f4teli\u00e8re<\/h1>\t\t\t\t<\/div>\n\t\t\t\t<\/div>\n\t\t\t\t<div class=\"elementor-element elementor-element-f2f951f elementor-invisible elementor-widget elementor-widget-heading\" data-id=\"f2f951f\" data-element_type=\"widget\" data-e-type=\"widget\" data-settings=\"{&quot;_animation&quot;:&quot;fadeIn&quot;,&quot;_animation_delay&quot;:400}\" data-widget_type=\"heading.default\">\n\t\t\t\t<div class=\"elementor-widget-container\">\n\t\t\t\t\t<h2 class=\"elementor-heading-title elementor-size-default\">D\u00e9couvrez le potentiel de votre marque gr\u00e2ce \u00e0 la surveillance des m\u00e9dias en ligne.\n<\/h2>\t\t\t\t<\/div>\n\t\t\t\t<\/div>\n\t\t\t\t<div class=\"elementor-element elementor-element-8c1bfde elementor-invisible elementor-widget elementor-widget-text-editor\" data-id=\"8c1bfde\" data-element_type=\"widget\" data-e-type=\"widget\" data-settings=\"{&quot;_animation&quot;:&quot;fadeIn&quot;,&quot;_animation_delay&quot;:600}\" data-widget_type=\"text-editor.default\">\n\t\t\t\t<div class=\"elementor-widget-container\">\n\t\t\t\t\t\t\t\t\t<p>Obtenez votre exemplaire gratuit et apprenez comment trouver et entretenir facilement des prospects.<br \/>Vos invit\u00e9s vous attendent. Vous pouvez maintenant les trouver.<\/p>\t\t\t\t\t\t\t\t<\/div>\n\t\t\t\t<\/div>\n\t\t\t\t<div class=\"elementor-element elementor-element-63dc0c2 elementor-mobile-align-center elementor-invisible elementor-widget elementor-widget-button\" data-id=\"63dc0c2\" data-element_type=\"widget\" data-e-type=\"widget\" data-settings=\"{&quot;_animation&quot;:&quot;fadeIn&quot;,&quot;_animation_delay&quot;:800}\" data-widget_type=\"button.default\">\n\t\t\t\t<div class=\"elementor-widget-container\">\n\t\t\t\t\t\t\t\t\t<div class=\"elementor-button-wrapper\">\n\t\t\t\t\t<a class=\"elementor-button elementor-button-link elementor-size-sm\" href=\"https:\/\/brand24.com\/wp-content\/uploads\/Smart-Guide-to-Online-Marketing-in-Hotel-Industry.pdf\" rel=\"nofollow\">\n\t\t\t\t\t\t<span class=\"elementor-button-content-wrapper\">\n\t\t\t\t\t\t\t\t\t<span class=\"elementor-button-text\">T\u00e9l\u00e9charger le guide<\/span>\n\t\t\t\t\t<\/span>\n\t\t\t\t\t<\/a>\n\t\t\t\t<\/div>\n\t\t\t\t\t\t\t\t<\/div>\n\t\t\t\t<\/div>\n\t\t\t\t\t<\/div>\n\t\t<\/div>\n\t\t\t\t<div class=\"elementor-column elementor-col-50 elementor-top-column elementor-element elementor-element-e6d3edd elementor-hidden-phone\" data-id=\"e6d3edd\" data-element_type=\"column\" data-e-type=\"column\">\n\t\t\t<div class=\"elementor-widget-wrap elementor-element-populated\">\n\t\t\t\t\t\t<div class=\"elementor-element elementor-element-311c079 animated-slow elementor-invisible elementor-widget elementor-widget-image\" data-id=\"311c079\" data-element_type=\"widget\" data-e-type=\"widget\" data-settings=\"{&quot;_animation&quot;:&quot;fadeInUp&quot;}\" data-widget_type=\"image.default\">\n\t\t\t\t<div class=\"elementor-widget-container\">\n\t\t\t\t\t\t\t\t\t\t\t\t\t\t\t<img fetchpriority=\"high\" decoding=\"async\" width=\"681\" height=\"963\" src=\"https:\/\/brand24.com\/app\/uploads\/Smart-Guide-to-Online-Marketing-in-Hotel-Industry-1.png\" class=\"attachment-large size-large wp-image-42754\" alt=\"\" srcset=\"https:\/\/brand24.com\/app\/uploads\/Smart-Guide-to-Online-Marketing-in-Hotel-Industry-1.png 681w, https:\/\/brand24.com\/app\/uploads\/Smart-Guide-to-Online-Marketing-in-Hotel-Industry-1-212x300.png 212w\" sizes=\"(max-width: 300px) 300px, 681px\" \/>\t\t\t\t\t\t\t\t\t\t\t\t\t\t\t<\/div>\n\t\t\t\t<\/div>\n\t\t\t\t\t<\/div>\n\t\t<\/div>\n\t\t\t\t\t<\/div>\n\t\t<\/section>\n\t\t\t\t<\/div>","protected":false},"excerpt":{"rendered":"<p>Guide intelligent du marketing en ligne dans l'industrie h\u00f4teli\u00e8re D\u00e9couvrez le potentiel de votre marque gr\u00e2ce \u00e0 la surveillance des m\u00e9dias en ligne. Obtenez votre exemplaire gratuit et apprenez comment trouver et entretenir facilement des clients potentiels. Vos clients vous attendent. Vous pouvez maintenant les trouver. T\u00e9l\u00e9charger le guide<\/p>","protected":false},"author":44,"featured_media":0,"parent":0,"menu_order":0,"comment_status":"closed","ping_status":"closed","template":"","meta":{"_acf_changed":false,"footnotes":""},"class_list":["post-42748","page","type-page","status-publish","hentry"],"acf":[],"aioseo_notices":[],"cf_author_first_name":"Dawid","cf_author_last_name":"Tkocz","_links":{"self":[{"href":"https:\/\/brand24.com\/fr\/wp-json\/wp\/v2\/pages\/42748","targetHints":{"allow":["GET"]}}],"collection":[{"href":"https:\/\/brand24.com\/fr\/wp-json\/wp\/v2\/pages"}],"about":[{"href":"https:\/\/brand24.com\/fr\/wp-json\/wp\/v2\/types\/page"}],"author":[{"embeddable":true,"href":"https:\/\/brand24.com\/fr\/wp-json\/wp\/v2\/users\/44"}],"replies":[{"embeddable":true,"href":"https:\/\/brand24.com\/fr\/wp-json\/wp\/v2\/comments?post=42748"}],"version-history":[{"count":19,"href":"https:\/\/brand24.com\/fr\/wp-json\/wp\/v2\/pages\/42748\/revisions"}],"predecessor-version":[{"id":42898,"href":"https:\/\/brand24.com\/fr\/wp-json\/wp\/v2\/pages\/42748\/revisions\/42898"}],"wp:attachment":[{"href":"https:\/\/brand24.com\/fr\/wp-json\/wp\/v2\/media?parent=42748"}],"curies":[{"name":"wp","href":"https:\/\/api.w.org\/{rel}","templated":true}]}}