{"id":21676,"date":"2017-11-08T08:58:22","date_gmt":"2017-11-08T08:58:22","guid":{"rendered":"https:\/\/brand24.com\/?page_id=21676\/"},"modified":"2018-01-09T14:56:54","modified_gmt":"2018-01-09T14:56:54","slug":"veja-o-que-as-pessoas-dizem-sobre-sua-empresa-on-line","status":"publish","type":"page","link":"https:\/\/brand24.com\/pt\/heres-what-people-say-about-your-business-online\/","title":{"rendered":"Veja o que as pessoas dizem sobre sua empresa on-line"},"content":{"rendered":"<div data-elementor-type=\"wp-post\" data-elementor-id=\"21676\" class=\"elementor elementor-21676 elementor-bc-flex-widget\" data-elementor-post-type=\"page\">\n\t\t\t\t\t\t<div class=\"elementor-section elementor-top-section elementor-element elementor-element-fp9ozs0 elementor-section-full_width elementor-section-height-default elementor-section-height-default\" data-id=\"fp9ozs0\" data-element_type=\"section\" data-e-type=\"section\">\n\t\t\t\t\t\t<div class=\"elementor-container elementor-column-gap-no\">\n\t\t\t\t\t<div class=\"elementor-column elementor-col-100 elementor-top-column elementor-element elementor-element-uodme1j\" data-id=\"uodme1j\" data-element_type=\"column\" data-e-type=\"column\">\n\t\t\t<div class=\"elementor-widget-wrap elementor-element-populated\">\n\t\t\t\t\t\t<div class=\"elementor-element elementor-element-t29r726 elementor-widget elementor-widget-b24-cta\" data-id=\"t29r726\" data-element_type=\"widget\" data-e-type=\"widget\" data-widget_type=\"b24-cta.default\">\n\t\t\t\t<div class=\"elementor-widget-container\">\n\t\t\t\t\t\t\t\t<section class=\"b24-small-trial\">\n\t\t\t<div class=\"container\">\n\t\t\t\t<div class=\"row text-xs-center text-lg-left\">\n\t\t\t\t\t<div class=\"col-lg-8\">\n\t\t\t\t\t\t<h4>Obtenha acesso total aos seus mentions, aumente a satisfa\u00e7\u00e3o do cliente e as vendas.<\/h4>\n\t\t\t\t\t<\/div>\n\t\t\t\t\t<div class=\"col-lg-4\">\n\t\t\t\t\t\t<a href=\"https:\/\/app.brand24.com\/user\/register-account\/\"\n\t\t\t\t\t\t   class=\"b24-btn b24-btn-black pull-right\"\n\t\t\t\t\t\t   role=\"button\">ATUALIZE SUA CONTA<\/a>\n\t\t\t\t\t<\/div>\n\t\t\t\t<\/div>\n\t\t\t<\/div>\n\t\t<\/section>\n\t\t\n\t\t\t\t\t<\/div>\n\t\t\t\t<\/div>\n\t\t\t\t<div class=\"elementor-element elementor-element-1wg6deu elementor-widget elementor-widget-b24-awards-section\" data-id=\"1wg6deu\" data-element_type=\"widget\" data-e-type=\"widget\" data-widget_type=\"b24-awards-section.default\">\n\t\t\t\t<div class=\"elementor-widget-container\">\n\t\t\t\t\t\t<section class=\"b24-awwards-horizontal\">\n\t\t<div class=\"container\">\n\t\t\t<div class=\"b24-award-logos text-xs-center\">\n\t\t\t\t<div class=\"row\">\n\t\t\t\t\t\t\t\t\t\t\t<div class=\"col-sm-6 col-lg-3\">\n\t\t\t\t\t\t\t<div class=\"b24-award-logo-item\">\n\t\t\t\t\t\t\t\t<img decoding=\"async\" class=\"b24-award-logo\"\n\t\t\t\t\t\t\t\t     src=\"https:\/\/brand24.com\/app\/uploads\/best_startup_2012_2.png\"\n\t\t\t\t\t\t\t\t     alt=\"Melhor startup\">\n\t\t\t\t\t\t\t\t<span class=\"b24-award-title\">Melhor startup<\/span>\n\t\t\t\t\t\t\t\t<span class=\"b24-award-text\">Aulery premia o vencedor do concurso<\/span>\n\t\t\t\t\t\t\t<\/div>\n\t\t\t\t\t\t<\/div>\n\t\t\t\t\t\t\t\t\t\t\t<div class=\"col-sm-6 col-lg-3\">\n\t\t\t\t\t\t\t<div class=\"b24-award-logo-item\">\n\t\t\t\t\t\t\t\t<img decoding=\"async\" class=\"b24-award-logo\"\n\t\t\t\t\t\t\t\t     src=\"https:\/\/brand24.com\/app\/uploads\/best_service_2014_2.png\"\n\t\t\t\t\t\t\t\t     alt=\"Melhor servi\u00e7o\">\n\t\t\t\t\t\t\t\t<span class=\"b24-award-title\">Melhor servi\u00e7o<\/span>\n\t\t\t\t\t\t\t\t<span class=\"b24-award-text\">Rela\u00e7\u00f5es com os clientes Pr\u00eamios Ekomersy<\/span>\n\t\t\t\t\t\t\t<\/div>\n\t\t\t\t\t\t<\/div>\n\t\t\t\t\t\t\t\t\t\t\t<div class=\"col-sm-6 col-lg-3\">\n\t\t\t\t\t\t\t<div class=\"b24-award-logo-item\">\n\t\t\t\t\t\t\t\t<img decoding=\"async\" class=\"b24-award-logo\"\n\t\t\t\t\t\t\t\t     src=\"https:\/\/brand24.com\/app\/uploads\/best_web_app_2013_2.png\"\n\t\t\t\t\t\t\t\t     alt=\"Melhor aplicativo da Web\">\n\t\t\t\t\t\t\t\t<span class=\"b24-award-title\">Melhor aplicativo da Web<\/span>\n\t\t\t\t\t\t\t\t<span class=\"b24-award-text\">Concurso The Next Web Startup Awards<\/span>\n\t\t\t\t\t\t\t<\/div>\n\t\t\t\t\t\t<\/div>\n\t\t\t\t\t\t\t\t\t\t\t<div class=\"col-sm-6 col-lg-3\">\n\t\t\t\t\t\t\t<div class=\"b24-award-logo-item\">\n\t\t\t\t\t\t\t\t<img decoding=\"async\" class=\"b24-award-logo\"\n\t\t\t\t\t\t\t\t     src=\"https:\/\/brand24.com\/app\/uploads\/best_mobile_app_2014_2.png\"\n\t\t\t\t\t\t\t\t     alt=\"Melhor aplicativo m\u00f3vel\">\n\t\t\t\t\t\t\t\t<span class=\"b24-award-title\">Melhor aplicativo m\u00f3vel<\/span>\n\t\t\t\t\t\t\t\t<span class=\"b24-award-text\">Melhor aplicativo m\u00f3vel para empresas Pr\u00eamio Mobile Trends<\/span>\n\t\t\t\t\t\t\t<\/div>\n\t\t\t\t\t\t<\/div>\n\t\t\t\t\t\t\t\t\t<\/div>\n\t\t\t<\/div>\n\t\t<\/div>\n\t<\/section>\n\t\t\t\t<\/div>\n\t\t\t\t<\/div>\n\t\t\t\t\t<\/div>\n\t\t<\/div>\n\t\t\t\t\t<\/div>\n\t\t<\/div>\n\t\t\t\t<\/div>","protected":false},"excerpt":{"rendered":"<p>&nbsp; Obtenha acesso total aos seus mentions, aumente a satisfa\u00e7\u00e3o do cliente e as vendas. ATUALIZE SUA CONTA<\/p>","protected":false},"author":24,"featured_media":0,"parent":0,"menu_order":0,"comment_status":"closed","ping_status":"closed","template":"page-bluerank-lp.php","meta":{"_acf_changed":false,"footnotes":""},"class_list":["post-21676","page","type-page","status-publish","hentry"],"acf":[],"aioseo_notices":[],"cf_author_first_name":"Brand24","cf_author_last_name":"Team","_links":{"self":[{"href":"https:\/\/brand24.com\/pt\/wp-json\/wp\/v2\/pages\/21676","targetHints":{"allow":["GET"]}}],"collection":[{"href":"https:\/\/brand24.com\/pt\/wp-json\/wp\/v2\/pages"}],"about":[{"href":"https:\/\/brand24.com\/pt\/wp-json\/wp\/v2\/types\/page"}],"author":[{"embeddable":true,"href":"https:\/\/brand24.com\/pt\/wp-json\/wp\/v2\/users\/24"}],"replies":[{"embeddable":true,"href":"https:\/\/brand24.com\/pt\/wp-json\/wp\/v2\/comments?post=21676"}],"version-history":[{"count":4,"href":"https:\/\/brand24.com\/pt\/wp-json\/wp\/v2\/pages\/21676\/revisions"}],"predecessor-version":[{"id":22624,"href":"https:\/\/brand24.com\/pt\/wp-json\/wp\/v2\/pages\/21676\/revisions\/22624"}],"wp:attachment":[{"href":"https:\/\/brand24.com\/pt\/wp-json\/wp\/v2\/media?parent=21676"}],"curies":[{"name":"wp","href":"https:\/\/api.w.org\/{rel}","templated":true}]}}