{"id":28435,"date":"2018-09-05T14:18:16","date_gmt":"2018-09-05T14:18:16","guid":{"rendered":"https:\/\/brand24.com\/?page_id=28435\/"},"modified":"2020-09-15T13:13:27","modified_gmt":"2020-09-15T13:13:27","slug":"dados-pessoais-da-internet","status":"publish","type":"page","link":"https:\/\/brand24.com\/pt\/personal-data-from-internet\/","title":{"rendered":"Dados pessoais da Internet"},"content":{"rendered":"<div style=\"max-width: 600px; margin: 0 auto;\">\n<h1 style=\"text-align: center;\">Dados pessoais que coletamos na Internet<\/h1>\n<p>A Brand24 Global Inc., uma corpora\u00e7\u00e3o de Delaware, \u00e9 a \"Controladora\" de dados pessoais e a Brand24 e outras afiliadas corporativas s\u00e3o \"Processadoras\" e a Brand24 S.A. \u00e9 a representante designada da Brand24 na Uni\u00e3o Europeia.<\/p>\n<p><strong>Seus dados pessoais ser\u00e3o processados para <\/strong>apresenta\u00e7\u00e3o ao cliente para o qual a Brand24 Global Inc. realiza o monitoramento de palavras-chave especificadas por nossos clientes, publicadas na Internet<\/p>\n<p><strong>Processamos os seguintes dados pessoais:<\/strong> nome, sobrenome ou apelido em uma rede social ou f\u00f3rum on-line em que tenha usado palavras-chave definidas pelo cliente com o qual trabalhamos.<\/p>\n<p><strong>A base legal para o processamento de seus dados<\/strong> \u00e9 o Artigo 6 (1) (f) do GDPR. O interesse leg\u00edtimo da Brand24 Global Inc. \u00e9 fornecer a nossos clientes informa\u00e7\u00f5es sobre coment\u00e1rios e postagens publicados por usu\u00e1rios da Internet com palavras-chave especificadas por nossos clientes.<\/p>\n<p><strong>Seus dados pessoais podem ser compartilhados com as seguintes partes<\/strong>:<br \/>\n1. Clientes para os quais a Brand24 Global Inc. realiza o monitoramento de palavras-chave espec\u00edficas, publicadas na Internet<br \/>\n2. Provedores de hospedagem e software<\/p>\n<p><strong>Os dados pessoais ser\u00e3o processados enquanto durar a presta\u00e7\u00e3o de servi\u00e7os pela Brand24 <\/strong><strong>Global Inc.<\/strong> para os clientes para os quais a Brand24 Global Inc. realiza o monitoramento de palavras-chave espec\u00edficas, publicadas na Internet ou at\u00e9 que voc\u00ea se oponha ao uso de seus dados pessoais para tais fins.<\/p>\n<p><strong>Onde e como obtemos seus dados pessoais<\/strong>. Eles s\u00e3o provenientes de f\u00f3runs on-line e redes sociais acess\u00edveis ao p\u00fablico, nos quais voc\u00ea publicou informa\u00e7\u00f5es contendo palavras-chave especificadas por nossos clientes.<\/p>\n<p><strong>Voc\u00ea tem o direito de se opor ao processamento de quaisquer dados pessoais<\/strong> por motivos relacionados \u00e0 sua situa\u00e7\u00e3o espec\u00edfica.<\/p>\n<\/div>","protected":false},"excerpt":{"rendered":"<p>Personal data, we collect on the Internet Brand24 Global Inc., a Delaware corporation is the \u201cController\u201d of personal data and Brand24 and other corporate affiliates are \u201cProcessors\u201d and Brand24 S.A. is Brand24\u2019s designated represented in the European Union. Your personal data will be processed for presentation to the client for whom Brand24 Global Inc. conducts [&hellip;]<\/p>\n","protected":false},"author":106,"featured_media":0,"parent":0,"menu_order":0,"comment_status":"closed","ping_status":"closed","template":"page-simple.php","meta":{"_acf_changed":false,"footnotes":""},"class_list":["post-28435","page","type-page","status-publish","hentry"],"acf":[],"aioseo_notices":[],"cf_author_first_name":"Miko\u0142aj","cf_author_last_name":"Winkiel","_links":{"self":[{"href":"https:\/\/brand24.com\/pt\/wp-json\/wp\/v2\/pages\/28435","targetHints":{"allow":["GET"]}}],"collection":[{"href":"https:\/\/brand24.com\/pt\/wp-json\/wp\/v2\/pages"}],"about":[{"href":"https:\/\/brand24.com\/pt\/wp-json\/wp\/v2\/types\/page"}],"author":[{"embeddable":true,"href":"https:\/\/brand24.com\/pt\/wp-json\/wp\/v2\/users\/106"}],"replies":[{"embeddable":true,"href":"https:\/\/brand24.com\/pt\/wp-json\/wp\/v2\/comments?post=28435"}],"version-history":[{"count":12,"href":"https:\/\/brand24.com\/pt\/wp-json\/wp\/v2\/pages\/28435\/revisions"}],"predecessor-version":[{"id":45698,"href":"https:\/\/brand24.com\/pt\/wp-json\/wp\/v2\/pages\/28435\/revisions\/45698"}],"wp:attachment":[{"href":"https:\/\/brand24.com\/pt\/wp-json\/wp\/v2\/media?parent=28435"}],"curies":[{"name":"wp","href":"https:\/\/api.w.org\/{rel}","templated":true}]}}