{"id":44347,"date":"2020-01-10T09:56:33","date_gmt":"2020-01-10T09:56:33","guid":{"rendered":"https:\/\/brand24.com\/?page_id=44347"},"modified":"2020-01-10T09:56:34","modified_gmt":"2020-01-10T09:56:34","slug":"como-aumentar-o-comercio-eletronico","status":"publish","type":"page","link":"https:\/\/brand24.com\/pt\/how-to-grow-ecommerce\/","title":{"rendered":"Como aumentar seu com\u00e9rcio eletr\u00f4nico por meio do gerenciamento da reputa\u00e7\u00e3o on-line"},"content":{"rendered":"<div data-elementor-type=\"wp-page\" data-elementor-id=\"44347\" class=\"elementor elementor-44347\" data-elementor-post-type=\"page\">\n\t\t\t\t\t\t<section class=\"elementor-section elementor-top-section elementor-element elementor-element-11ceb15 elementor-section-boxed elementor-section-height-default elementor-section-height-default\" data-id=\"11ceb15\" data-element_type=\"section\" data-e-type=\"section\" data-settings=\"{&quot;background_background&quot;:&quot;classic&quot;}\">\n\t\t\t\t\t\t<div class=\"elementor-container elementor-column-gap-default\">\n\t\t\t\t\t<div class=\"elementor-column elementor-col-50 elementor-top-column elementor-element elementor-element-cbdfc3d\" data-id=\"cbdfc3d\" data-element_type=\"column\" data-e-type=\"column\">\n\t\t\t<div class=\"elementor-widget-wrap elementor-element-populated\">\n\t\t\t\t\t\t<div class=\"elementor-element elementor-element-df967e0 elementor-invisible elementor-widget elementor-widget-image\" data-id=\"df967e0\" data-element_type=\"widget\" data-e-type=\"widget\" data-settings=\"{&quot;_animation&quot;:&quot;fadeIn&quot;}\" data-widget_type=\"image.default\">\n\t\t\t\t<div class=\"elementor-widget-container\">\n\t\t\t\t\t\t\t\t\t\t\t\t\t\t\t\t<a href=\"https:\/\/brand24.com\/pt\/\" target=\"_blank\">\n\t\t\t\t\t\t\t<img decoding=\"async\" src=\"https:\/\/brand24.com\/app\/uploads\/elementor\/thumbs\/logo-qphtfuz5p8xidfft120mxmandedg5fhluwuqh59ots.png\" title=\"logotipo\" alt=\"logotipo\" loading=\"lazy\" \/>\t\t\t\t\t\t\t\t<\/a>\n\t\t\t\t\t\t\t\t\t\t\t\t\t\t\t<\/div>\n\t\t\t\t<\/div>\n\t\t\t\t<div class=\"elementor-element elementor-element-2ad6c07 elementor-invisible elementor-widget elementor-widget-heading\" data-id=\"2ad6c07\" data-element_type=\"widget\" data-e-type=\"widget\" data-settings=\"{&quot;_animation&quot;:&quot;fadeIn&quot;,&quot;_animation_delay&quot;:200}\" data-widget_type=\"heading.default\">\n\t\t\t\t<div class=\"elementor-widget-container\">\n\t\t\t\t\t<h1 class=\"elementor-heading-title elementor-size-default\">Como cultivar<br>seu com\u00e9rcio eletr\u00f4nico<\/h1>\t\t\t\t<\/div>\n\t\t\t\t<\/div>\n\t\t\t\t<div class=\"elementor-element elementor-element-0094bde elementor-invisible elementor-widget elementor-widget-heading\" data-id=\"0094bde\" data-element_type=\"widget\" data-e-type=\"widget\" data-settings=\"{&quot;_animation&quot;:&quot;fadeIn&quot;,&quot;_animation_delay&quot;:400}\" data-widget_type=\"heading.default\">\n\t\t\t\t<div class=\"elementor-widget-container\">\n\t\t\t\t\t<h2 class=\"elementor-heading-title elementor-size-default\">Descubra os maiores desafios para sua empresa em 2020 e saiba como gerenci\u00e1-los de forma inteligente.<\/h2>\t\t\t\t<\/div>\n\t\t\t\t<\/div>\n\t\t\t\t<div class=\"elementor-element elementor-element-ff5b527 elementor-widget elementor-widget-text-editor\" data-id=\"ff5b527\" data-element_type=\"widget\" data-e-type=\"widget\" data-widget_type=\"text-editor.default\">\n\t\t\t\t<div class=\"elementor-widget-container\">\n\t\t\t\t\t\t\t\t\t<p>Pegue esta c\u00f3pia totalmente gratuita! O guia, repleto de dicas e ferramentas, foi criado para fazer seu com\u00e9rcio eletr\u00f4nico avan\u00e7ar imediatamente.<\/p>\t\t\t\t\t\t\t\t<\/div>\n\t\t\t\t<\/div>\n\t\t\t\t<div class=\"elementor-element elementor-element-ee31ade elementor-mobile-align-center elementor-invisible elementor-widget elementor-widget-button\" data-id=\"ee31ade\" data-element_type=\"widget\" data-e-type=\"widget\" data-settings=\"{&quot;_animation&quot;:&quot;fadeIn&quot;,&quot;_animation_delay&quot;:800}\" data-widget_type=\"button.default\">\n\t\t\t\t<div class=\"elementor-widget-container\">\n\t\t\t\t\t\t\t\t\t<div class=\"elementor-button-wrapper\">\n\t\t\t\t\t<a class=\"elementor-button elementor-button-link elementor-size-sm\" href=\"https:\/\/brand24.com\/wp-content\/uploads\/How-to-grow-your-e-commerce.pdf\" rel=\"nofollow\">\n\t\t\t\t\t\t<span class=\"elementor-button-content-wrapper\">\n\t\t\t\t\t\t\t\t\t<span class=\"elementor-button-text\">Guia de download<\/span>\n\t\t\t\t\t<\/span>\n\t\t\t\t\t<\/a>\n\t\t\t\t<\/div>\n\t\t\t\t\t\t\t\t<\/div>\n\t\t\t\t<\/div>\n\t\t\t\t\t<\/div>\n\t\t<\/div>\n\t\t\t\t<div class=\"elementor-column elementor-col-50 elementor-top-column elementor-element elementor-element-33f8d78 elementor-hidden-phone\" data-id=\"33f8d78\" data-element_type=\"column\" data-e-type=\"column\">\n\t\t\t<div class=\"elementor-widget-wrap elementor-element-populated\">\n\t\t\t\t\t\t<div class=\"elementor-element elementor-element-b59bf0d animated-slow elementor-invisible elementor-widget elementor-widget-image\" data-id=\"b59bf0d\" data-element_type=\"widget\" data-e-type=\"widget\" data-settings=\"{&quot;_animation&quot;:&quot;fadeInUp&quot;}\" data-widget_type=\"image.default\">\n\t\t\t\t<div class=\"elementor-widget-container\">\n\t\t\t\t\t\t\t\t\t\t\t\t\t\t\t<img fetchpriority=\"high\" decoding=\"async\" width=\"681\" height=\"963\" src=\"https:\/\/brand24.com\/app\/uploads\/HowToGrowYourEcommerce.jpg\" class=\"attachment-large size-large wp-image-44350\" alt=\"\" srcset=\"https:\/\/brand24.com\/app\/uploads\/HowToGrowYourEcommerce.jpg 681w, https:\/\/brand24.com\/app\/uploads\/HowToGrowYourEcommerce-212x300.jpg 212w\" sizes=\"(max-width: 300px) 300px, 681px\" \/>\t\t\t\t\t\t\t\t\t\t\t\t\t\t\t<\/div>\n\t\t\t\t<\/div>\n\t\t\t\t\t<\/div>\n\t\t<\/div>\n\t\t\t\t\t<\/div>\n\t\t<\/section>\n\t\t\t\t<\/div>","protected":false},"excerpt":{"rendered":"<p>Como aumentar seu com\u00e9rcio eletr\u00f4nico Encontre os maiores desafios para sua empresa em 2020 e saiba como gerenci\u00e1-los de forma inteligente. Pegue esta c\u00f3pia totalmente gratuita! Repleto de dicas e ferramentas, este guia foi feito para fazer seu com\u00e9rcio eletr\u00f4nico avan\u00e7ar imediatamente. Baixar o guia<\/p>","protected":false},"author":44,"featured_media":0,"parent":0,"menu_order":0,"comment_status":"closed","ping_status":"closed","template":"","meta":{"_acf_changed":false,"footnotes":""},"class_list":["post-44347","page","type-page","status-publish","hentry"],"acf":[],"aioseo_notices":[],"cf_author_first_name":"Dawid","cf_author_last_name":"Tkocz","_links":{"self":[{"href":"https:\/\/brand24.com\/pt\/wp-json\/wp\/v2\/pages\/44347","targetHints":{"allow":["GET"]}}],"collection":[{"href":"https:\/\/brand24.com\/pt\/wp-json\/wp\/v2\/pages"}],"about":[{"href":"https:\/\/brand24.com\/pt\/wp-json\/wp\/v2\/types\/page"}],"author":[{"embeddable":true,"href":"https:\/\/brand24.com\/pt\/wp-json\/wp\/v2\/users\/44"}],"replies":[{"embeddable":true,"href":"https:\/\/brand24.com\/pt\/wp-json\/wp\/v2\/comments?post=44347"}],"version-history":[{"count":11,"href":"https:\/\/brand24.com\/pt\/wp-json\/wp\/v2\/pages\/44347\/revisions"}],"predecessor-version":[{"id":44364,"href":"https:\/\/brand24.com\/pt\/wp-json\/wp\/v2\/pages\/44347\/revisions\/44364"}],"wp:attachment":[{"href":"https:\/\/brand24.com\/pt\/wp-json\/wp\/v2\/media?parent=44347"}],"curies":[{"name":"wp","href":"https:\/\/api.w.org\/{rel}","templated":true}]}}