{"id":44936,"date":"2020-04-02T14:15:10","date_gmt":"2020-04-02T14:15:10","guid":{"rendered":"https:\/\/brand24.com\/?page_id=44936"},"modified":"2022-04-12T09:45:51","modified_gmt":"2022-04-12T09:45:51","slug":"marketing-de-influencia-para-jogos-2","status":"publish","type":"page","link":"https:\/\/brand24.com\/pt\/influencer-marketing-for-games-2\/","title":{"rendered":"Marketing de influ\u00eancia para jogos - Guia para todos os setores"},"content":{"rendered":"<div data-elementor-type=\"wp-page\" data-elementor-id=\"44936\" class=\"elementor elementor-44936\" data-elementor-post-type=\"page\">\n\t\t\t\t\t\t<section class=\"elementor-section elementor-top-section elementor-element elementor-element-6da86f6 elementor-section-boxed elementor-section-height-default elementor-section-height-default\" data-id=\"6da86f6\" data-element_type=\"section\" data-e-type=\"section\" data-settings=\"{&quot;background_background&quot;:&quot;classic&quot;}\">\n\t\t\t\t\t\t<div class=\"elementor-container elementor-column-gap-default\">\n\t\t\t\t\t<div class=\"elementor-column elementor-col-50 elementor-top-column elementor-element elementor-element-6428665\" data-id=\"6428665\" data-element_type=\"column\" data-e-type=\"column\">\n\t\t\t<div class=\"elementor-widget-wrap elementor-element-populated\">\n\t\t\t\t\t\t<div class=\"elementor-element elementor-element-63fc20d elementor-invisible elementor-widget elementor-widget-image\" data-id=\"63fc20d\" data-element_type=\"widget\" data-e-type=\"widget\" data-settings=\"{&quot;_animation&quot;:&quot;fadeIn&quot;}\" data-widget_type=\"image.default\">\n\t\t\t\t<div class=\"elementor-widget-container\">\n\t\t\t\t\t\t\t\t\t\t\t\t\t\t\t\t<a href=\"https:\/\/brand24.com\/pt\/\" target=\"_blank\">\n\t\t\t\t\t\t\t<img decoding=\"async\" src=\"https:\/\/brand24.com\/app\/uploads\/elementor\/thumbs\/logo.jpg-qphtfuz5p8xidfft120mxmandedg5fhluwuqh59ots.png\" title=\"logotipo.jpg\" alt=\"logotipo.jpg\" loading=\"lazy\" \/>\t\t\t\t\t\t\t\t<\/a>\n\t\t\t\t\t\t\t\t\t\t\t\t\t\t\t<\/div>\n\t\t\t\t<\/div>\n\t\t\t\t<div class=\"elementor-element elementor-element-3631dc6 elementor-invisible elementor-widget elementor-widget-heading\" data-id=\"3631dc6\" data-element_type=\"widget\" data-e-type=\"widget\" data-settings=\"{&quot;_animation&quot;:&quot;fadeIn&quot;,&quot;_animation_delay&quot;:200}\" data-widget_type=\"heading.default\">\n\t\t\t\t<div class=\"elementor-widget-container\">\n\t\t\t\t\t<h1 class=\"elementor-heading-title elementor-size-default\">Marketing de influ\u00eancia para jogos - Guia para todos os setores<\/h1>\t\t\t\t<\/div>\n\t\t\t\t<\/div>\n\t\t\t\t<div class=\"elementor-element elementor-element-23860ee elementor-invisible elementor-widget elementor-widget-heading\" data-id=\"23860ee\" data-element_type=\"widget\" data-e-type=\"widget\" data-settings=\"{&quot;_animation&quot;:&quot;fadeIn&quot;,&quot;_animation_delay&quot;:400}\" data-widget_type=\"heading.default\">\n\t\t\t\t<div class=\"elementor-widget-container\">\n\t\t\t\t\t<h2 class=\"elementor-heading-title elementor-size-default\">Veja como sua empresa pode se beneficiar da coopera\u00e7\u00e3o com jogadores populares<\/h2>\t\t\t\t<\/div>\n\t\t\t\t<\/div>\n\t\t\t\t<div class=\"elementor-element elementor-element-89434f3 elementor-widget elementor-widget-text-editor\" data-id=\"89434f3\" data-element_type=\"widget\" data-e-type=\"widget\" data-widget_type=\"text-editor.default\">\n\t\t\t\t<div class=\"elementor-widget-container\">\n\t\t\t\t\t\t\t\t\t<p>Pegue esta c\u00f3pia totalmente gratuita. Voc\u00ea encontrar\u00e1 muitas estat\u00edsticas, dicas e informa\u00e7\u00f5es para usar imediatamente!<\/p>\t\t\t\t\t\t\t\t<\/div>\n\t\t\t\t<\/div>\n\t\t\t\t<div class=\"elementor-element elementor-element-4db497c elementor-mobile-align-center elementor-invisible elementor-widget elementor-widget-button\" data-id=\"4db497c\" data-element_type=\"widget\" data-e-type=\"widget\" data-settings=\"{&quot;_animation&quot;:&quot;fadeIn&quot;,&quot;_animation_delay&quot;:800}\" data-widget_type=\"button.default\">\n\t\t\t\t<div class=\"elementor-widget-container\">\n\t\t\t\t\t\t\t\t\t<div class=\"elementor-button-wrapper\">\n\t\t\t\t\t<a class=\"elementor-button elementor-button-link elementor-size-sm\" href=\"https:\/\/brand24.com\/wp-content\/uploads\/Influencer-Marketing-for-Games.pdf\" rel=\"nofollow\">\n\t\t\t\t\t\t<span class=\"elementor-button-content-wrapper\">\n\t\t\t\t\t\t\t\t\t<span class=\"elementor-button-text\">Guia de download<\/span>\n\t\t\t\t\t<\/span>\n\t\t\t\t\t<\/a>\n\t\t\t\t<\/div>\n\t\t\t\t\t\t\t\t<\/div>\n\t\t\t\t<\/div>\n\t\t\t\t\t<\/div>\n\t\t<\/div>\n\t\t\t\t<div class=\"elementor-column elementor-col-50 elementor-top-column elementor-element elementor-element-1ff35bb elementor-hidden-phone\" data-id=\"1ff35bb\" data-element_type=\"column\" data-e-type=\"column\">\n\t\t\t<div class=\"elementor-widget-wrap elementor-element-populated\">\n\t\t\t\t\t\t<div class=\"elementor-element elementor-element-e2b8fb6 animated-slow elementor-invisible elementor-widget elementor-widget-image\" data-id=\"e2b8fb6\" data-element_type=\"widget\" data-e-type=\"widget\" data-settings=\"{&quot;_animation&quot;:&quot;fadeInUp&quot;}\" data-widget_type=\"image.default\">\n\t\t\t\t<div class=\"elementor-widget-container\">\n\t\t\t\t\t\t\t\t\t\t\t\t\t\t\t<img fetchpriority=\"high\" decoding=\"async\" width=\"681\" height=\"963\" src=\"https:\/\/brand24.com\/app\/uploads\/Cover.jpg\" class=\"attachment-large size-large wp-image-44941\" alt=\"\" srcset=\"https:\/\/brand24.com\/app\/uploads\/Cover.jpg 681w, https:\/\/brand24.com\/app\/uploads\/Cover-212x300.jpg 212w\" sizes=\"(max-width: 300px) 300px, 681px\" \/>\t\t\t\t\t\t\t\t\t\t\t\t\t\t\t<\/div>\n\t\t\t\t<\/div>\n\t\t\t\t\t<\/div>\n\t\t<\/div>\n\t\t\t\t\t<\/div>\n\t\t<\/section>\n\t\t\t\t<\/div>","protected":false},"excerpt":{"rendered":"<p>Influencer Marketing for Games - Guia para todos os setores Verifique como sua empresa pode se beneficiar da coopera\u00e7\u00e3o com jogadores populares Pegue esta c\u00f3pia totalmente gratuita. Voc\u00ea encontrar\u00e1 muitas estat\u00edsticas, dicas e informa\u00e7\u00f5es para usar imediatamente! Baixar o guia<\/p>","protected":false},"author":44,"featured_media":0,"parent":0,"menu_order":0,"comment_status":"closed","ping_status":"closed","template":"","meta":{"_acf_changed":false,"footnotes":""},"class_list":["post-44936","page","type-page","status-publish","hentry"],"acf":[],"aioseo_notices":[],"cf_author_first_name":"Dawid","cf_author_last_name":"Tkocz","_links":{"self":[{"href":"https:\/\/brand24.com\/pt\/wp-json\/wp\/v2\/pages\/44936","targetHints":{"allow":["GET"]}}],"collection":[{"href":"https:\/\/brand24.com\/pt\/wp-json\/wp\/v2\/pages"}],"about":[{"href":"https:\/\/brand24.com\/pt\/wp-json\/wp\/v2\/types\/page"}],"author":[{"embeddable":true,"href":"https:\/\/brand24.com\/pt\/wp-json\/wp\/v2\/users\/44"}],"replies":[{"embeddable":true,"href":"https:\/\/brand24.com\/pt\/wp-json\/wp\/v2\/comments?post=44936"}],"version-history":[{"count":9,"href":"https:\/\/brand24.com\/pt\/wp-json\/wp\/v2\/pages\/44936\/revisions"}],"predecessor-version":[{"id":45115,"href":"https:\/\/brand24.com\/pt\/wp-json\/wp\/v2\/pages\/44936\/revisions\/45115"}],"wp:attachment":[{"href":"https:\/\/brand24.com\/pt\/wp-json\/wp\/v2\/media?parent=44936"}],"curies":[{"name":"wp","href":"https:\/\/api.w.org\/{rel}","templated":true}]}}