{"id":46013,"date":"2020-11-17T14:02:48","date_gmt":"2020-11-17T14:02:48","guid":{"rendered":"https:\/\/brand24.com\/?page_id=46013"},"modified":"2025-11-24T08:21:06","modified_gmt":"2025-11-24T08:21:06","slug":"termos-e-condicoes-da-promocao-black-friday-2025","status":"publish","type":"page","link":"https:\/\/brand24.com\/pt\/terms-and-conditions-of-the-black-friday-2025-promo\/","title":{"rendered":"Termos e condi\u00e7\u00f5es da promo\u00e7\u00e3o \u201cBlack Friday 2025"},"content":{"rendered":"<div data-elementor-type=\"wp-page\" data-elementor-id=\"46013\" class=\"elementor elementor-46013\" data-elementor-post-type=\"page\">\n\t\t\t\t\t\t<section class=\"elementor-section elementor-top-section elementor-element elementor-element-4f35b158 elementor-section-boxed elementor-section-height-default elementor-section-height-default\" data-id=\"4f35b158\" data-element_type=\"section\" data-e-type=\"section\">\n\t\t\t\t\t\t<div class=\"elementor-container elementor-column-gap-default\">\n\t\t\t\t\t<div class=\"elementor-column elementor-col-100 elementor-top-column elementor-element elementor-element-6b685ca3\" data-id=\"6b685ca3\" data-element_type=\"column\" data-e-type=\"column\">\n\t\t\t<div class=\"elementor-widget-wrap elementor-element-populated\">\n\t\t\t\t\t\t<div class=\"elementor-element elementor-element-b76ba4a elementor-widget elementor-widget-heading\" data-id=\"b76ba4a\" data-element_type=\"widget\" data-e-type=\"widget\" data-widget_type=\"heading.default\">\n\t\t\t\t<div class=\"elementor-widget-container\">\n\t\t\t\t\t<h2 class=\"elementor-heading-title elementor-size-default\">Termos e condi\u00e7\u00f5es da promo\u00e7\u00e3o Black Week 2025<\/h2>\t\t\t\t<\/div>\n\t\t\t\t<\/div>\n\t\t\t\t<div class=\"elementor-element elementor-element-4bc24bf7 elementor-widget elementor-widget-text-editor\" data-id=\"4bc24bf7\" data-element_type=\"widget\" data-e-type=\"widget\" data-widget_type=\"text-editor.default\">\n\t\t\t\t<div class=\"elementor-widget-container\">\n\t\t\t\t\t\t\t\t\t<p><strong>1.<\/strong> Este documento (\u201cTermos e Condi\u00e7\u00f5es\u201d) define as regras de uma campanha promocional denominada \u201cBlack Week\u201d (\u201cPromo\u00e7\u00e3o\u201d).<\/p>\n<p><!-- \/wp:paragraph --><\/p>\n<p><!-- wp:paragraph --><\/p>\n<p><strong>2.<\/strong> A Organizadora da Promo\u00e7\u00e3o \u00e9 a Brand24 Global Inc., com sede em 121 Executive Circle, Daytona Beach, FL 32114, EUA (\u201cOrganizadora\u201d)<\/p>\n<p><!-- \/wp:paragraph --><\/p>\n<p><!-- wp:paragraph --><\/p>\n<p><strong>3.\u00a0<\/strong>A promo\u00e7\u00e3o permite que voc\u00ea receba um desconto de 50% nos primeiros 3 meses em qualquer plano de assinatura com pagamento mensal (<a href=\"https:\/\/brand24.com\/pt\/precos\/\" target=\"_blank\" rel=\"noreferrer noopener\">https:\/\/brand24.com\/prices\/<\/a>).<\/p>\n<p><!-- \/wp:paragraph --><\/p>\n<p><!-- wp:paragraph --><\/p>\n<p><strong>4.\u00a0<\/strong>A promo\u00e7\u00e3o \u00e9 v\u00e1lida das 00:00 de 24 de novembro de 2025 \u00e0s 23:59 de 01 de novembro de 2025. O organizador se reserva o direito de prorrogar a promo\u00e7\u00e3o.<\/p>\n<p><!-- \/wp:paragraph --><\/p>\n<p><!-- wp:paragraph --><\/p>\n<p><strong>5.\u00a0<\/strong>A condi\u00e7\u00e3o para usar a promo\u00e7\u00e3o \u00e9 a compra (pagamento) de qualquer plano de assinatura depois de inserir (usar) o c\u00f3digo de desconto.<\/p>\n<p><!-- \/wp:paragraph --><\/p>\n<p><!-- wp:paragraph --><\/p>\n<p><!-- \/wp:paragraph --><\/p>\n<p><!-- wp:paragraph --><\/p>\n<p><strong>6. <\/strong>O desconto 50% \u00e9 aplicado automaticamente e \u00e9 v\u00e1lido apenas para os primeiros 3 meses. Ap\u00f3s esse per\u00edodo, o pre\u00e7o da assinatura volta a ser o 100% do pre\u00e7o, de acordo com a lista de pre\u00e7os (<a href=\"https:\/\/brand24.com\/pt\/precos\/\" target=\"_blank\" rel=\"noreferrer noopener\">https:\/\/brand24.com\/prices\/<\/a>)<\/p>\n<p><!-- \/wp:paragraph --><\/p>\n<p><!-- wp:paragraph --><\/p>\n<p><strong>7. <\/strong>A promo\u00e7\u00e3o n\u00e3o pode ser combinada, adicionada ou combinada com outras ofertas promocionais organizadas pelo Organizador.<\/p>\n<p><!-- \/wp:paragraph --><\/p>\n<p><!-- wp:paragraph --><\/p>\n<p><strong>8.<\/strong> Os pedidos de compra em conformidade com a Promo\u00e7\u00e3o ser\u00e3o executados de acordo com o c\u00f3digo de regulamentos gerais, dispon\u00edvel em <a href=\"https:\/\/brand24.com\/pt\/termos\/\" target=\"_blank\" rel=\"noreferrer noopener\">https:\/\/brand24.com\/terms\/<\/a><\/p>\n<p><!-- \/wp:paragraph --><\/p>\t\t\t\t\t\t\t\t<\/div>\n\t\t\t\t<\/div>\n\t\t\t\t\t<\/div>\n\t\t<\/div>\n\t\t\t\t\t<\/div>\n\t\t<\/section>\n\t\t\t\t<\/div>","protected":false},"excerpt":{"rendered":"<p>Terms and Conditions of the Black Week 2025 promo 1. This document (&#8220;Terms and Conditions&#8221;) defines the rules of a promotional campaign called &#8220;Black Week&#8221; (&#8220;Promotion&#8221;). 2. The Organizer of the Promotion is Brand24 Global Inc. with its seat in 121 Executive Circle, Daytona Beach, FL 32114 USA (&#8220;Organizer&#8221;) 3.\u00a0The promotion allows you to\u00a0 receive [&hellip;]<\/p>\n","protected":false},"author":106,"featured_media":0,"parent":0,"menu_order":0,"comment_status":"closed","ping_status":"closed","template":"page-regulamin.php","meta":{"_acf_changed":false,"footnotes":""},"class_list":["post-46013","page","type-page","status-publish","hentry"],"acf":[],"aioseo_notices":[],"cf_author_first_name":"Miko\u0142aj","cf_author_last_name":"Winkiel","_links":{"self":[{"href":"https:\/\/brand24.com\/pt\/wp-json\/wp\/v2\/pages\/46013","targetHints":{"allow":["GET"]}}],"collection":[{"href":"https:\/\/brand24.com\/pt\/wp-json\/wp\/v2\/pages"}],"about":[{"href":"https:\/\/brand24.com\/pt\/wp-json\/wp\/v2\/types\/page"}],"author":[{"embeddable":true,"href":"https:\/\/brand24.com\/pt\/wp-json\/wp\/v2\/users\/106"}],"replies":[{"embeddable":true,"href":"https:\/\/brand24.com\/pt\/wp-json\/wp\/v2\/comments?post=46013"}],"version-history":[{"count":33,"href":"https:\/\/brand24.com\/pt\/wp-json\/wp\/v2\/pages\/46013\/revisions"}],"predecessor-version":[{"id":63143,"href":"https:\/\/brand24.com\/pt\/wp-json\/wp\/v2\/pages\/46013\/revisions\/63143"}],"wp:attachment":[{"href":"https:\/\/brand24.com\/pt\/wp-json\/wp\/v2\/media?parent=46013"}],"curies":[{"name":"wp","href":"https:\/\/api.w.org\/{rel}","templated":true}]}}